{"id":7162,"date":"2024-01-18T11:47:50","date_gmt":"2024-01-18T10:47:50","guid":{"rendered":"https:\/\/gtcompany.fr\/mentions-legales\/"},"modified":"2024-12-13T12:13:06","modified_gmt":"2024-12-13T11:13:06","slug":"mentions-legales","status":"publish","type":"page","link":"https:\/\/gtcompany.fr\/en\/mentions-legales\/","title":{"rendered":"Mentions L\u00e9gales"},"content":{"rendered":"[vc_row type=&#8221;in_container&#8221; full_screen_row_position=&#8221;middle&#8221; column_margin=&#8221;default&#8221; column_direction=&#8221;default&#8221; column_direction_tablet=&#8221;default&#8221; column_direction_phone=&#8221;default&#8221; scene_position=&#8221;center&#8221; text_color=&#8221;dark&#8221; text_align=&#8221;left&#8221; row_border_radius=&#8221;none&#8221; row_border_radius_applies=&#8221;bg&#8221; overflow=&#8221;visible&#8221; overlay_strength=&#8221;0.3&#8243; gradient_direction=&#8221;left_to_right&#8221; shape_divider_position=&#8221;bottom&#8221; bg_image_animation=&#8221;none&#8221;][vc_column column_padding=&#8221;no-extra-padding&#8221; column_padding_tablet=&#8221;inherit&#8221; column_padding_phone=&#8221;inherit&#8221; column_padding_position=&#8221;all&#8221; column_element_spacing=&#8221;default&#8221; background_color_opacity=&#8221;1&#8243; background_hover_color_opacity=&#8221;1&#8243; column_shadow=&#8221;none&#8221; column_border_radius=&#8221;none&#8221; column_link_target=&#8221;_self&#8221; column_position=&#8221;default&#8221; gradient_direction=&#8221;left_to_right&#8221; overlay_strength=&#8221;0.3&#8243; width=&#8221;1\/1&#8243; tablet_width_inherit=&#8221;default&#8221; tablet_text_alignment=&#8221;default&#8221; phone_text_alignment=&#8221;default&#8221; animation_type=&#8221;default&#8221; bg_image_animation=&#8221;none&#8221; border_type=&#8221;simple&#8221; column_border_width=&#8221;none&#8221; column_border_style=&#8221;solid&#8221;][vc_column_text]\n<h2 style=\"text-align: center;\">Mentions L\u00e9gales<\/h2>\n[\/vc_column_text][vc_column_text css=&#8221;.vc_custom_1734088378033{padding-top: 20px !important;padding-bottom: 100px !important;}&#8221;]<b>RAISON SOCIAL \/ NOM COMMERCIAL<\/b><\/p>\n<p>GT Company<\/p>\n<p><b>SIEGE SOCIAL<\/b><\/p>\n<p>GT Company &#8211; 5 rue de la Galmy \u2013 77700 Chessy (France)<br \/>\nTel. +33 (0) 1 61 10 09 25<\/p>\n<p>Email : info@gtcompany.fr<\/p>\n<p>Forme juridique : SAS au capital de 985 000 \u20ac<br \/>\nSiret : 792 208 407 00033<br \/>\nRCS Meaux B 792 208 407<br \/>\nTVA Intracommunautaire FR06792208407<\/p>\n<p>GT Company UK LTD &#8211; (United Kingdom)<\/p>\n<p>1ST FLOOR GALLERY COURT 28 ARCADIA AVENUE<\/p>\n<p>LONDON<\/p>\n<p>UNITED KINGDOM<\/p>\n<p>N3 2FG<\/p>\n<p>VAT number: GB 370 2439 13<\/p>\n<p><b>SERVICE APR\u00c8S-VENTE<\/b><\/p>\n<p>GT Company \u2013 5 rue de la Galmy \u2013 77700 Chessy (France)<br \/>\nTel. +33 (0) 1 61 10 09 25<br \/>\nEmail : aftersaleservice@gtcompany.fr<\/p>\n<p><b>DIRECTEUR DE LA PUBLICATION<\/b><\/p>\n<p>M. Gregory Taude<\/p>\n<p><b>RESPONSABLE DE LA R\u00c9DACTION<\/b><\/p>\n<p>M. Julien Lelarge<\/p>\n<p><b>CONCEPTEUR DU SITE<\/b><\/p>\n<p>Krealid \u2013 73 bis Bd d&#8217;Armenti\u00e8res, 59100 Roubaix<\/p>\n<p><b>HEBERGEUR<\/b><\/p>\n<p>Nexylan<b><br \/>\n<\/b>SAS au capital de 150 000 \u20ac<br \/>\nRCS Lille M\u00e9tropole 517 884 722<br \/>\nCode APE 6311Z \u2013 N\u00b0 TVA : FR37 517884722<br \/>\nSi\u00e8ge social : 25 rue Corneille 59100 Roubaix<\/p>\n<p><b>CREDITS PHOTOS \/ ILLUSTRATIONS ET DROITS DES MARQUES<\/b><\/p>\n<p>Photos \/ illustrations : Kodak, AgfaPhoto, International Space Archives (ISA), Nasa, Shutterstock, Stock Adobe.<\/p>\n<p>Marques :<br \/>\n&#8211; La marque Kodak, le logo Kodak et la charte graphique Kodak sont des marques d\u00e9pos\u00e9es par Eastman Kodak Company et utilis\u00e9es sous licence.<\/p>\n<p>&#8211; AgfaPhoto est utilis\u00e9 sous licence d&#8217;Agfa-Gevaert NV. Une sous-licence a \u00e9t\u00e9 accord\u00e9e par AgfaPhoto Holding GmbH.<\/p>\n<p>&#8211; Licensing Management International Ltd est l&#8217;agence internationale exclusive de licences de marques pour International Space Archives (ISA). Le logo ISA \u00a9International Space Archives. LLC et les images et graphiques de la NASA provenant de International Space Archives, LLC. peuvent \u00eatre utilis\u00e9s par GT Company en sa qualit\u00e9 de licenci\u00e9.<br \/>\nNASA et ISA sont des marques d\u00e9pos\u00e9es et leur utilisation est limit\u00e9e.<\/p>\n<p><b>CONTENUS<\/b><\/p>\n<p>Les marques et entreprises cit\u00e9es ont un droit d\u2019acc\u00e8s aux informations les concernant via la page contact du site.<\/p>\n<p><b>GESTION DES DONNEES PERSONNELLES \/ RGPD<\/b><\/p>\n<p>En France, la protection des donn\u00e9es personnelles est encadr\u00e9e par la loi du 6 janvier 1978 dite \u00ab Informatique et libert\u00e9s \u00bb.<\/p>\n<p>La loi du 20 juin 2018 relative \u00e0 la protection des donn\u00e9es personnelles a modifi\u00e9 la loi \u00ab Informatique et Libert\u00e9s \u00bb pour l\u2019adapter aux dispositions du R\u00e8glement g\u00e9n\u00e9ral sur la protection des donn\u00e9es (RGPD), applicable partout en Europe depuis le 25 mai 2018.<\/p>\n<p>Ce nouveau cadre juridique renforce les droits de chaque citoyen europ\u00e9en sur la protection de ses donn\u00e9es personnelles et responsabilise les acteurs traitant ces donn\u00e9es.<\/p>\n<p>A l\u2019occasion de l\u2019utilisation du site www.gtcompany.fr, peuvent \u00eatre recueillies : l\u2019URL des liens par l\u2019interm\u00e9diaire desquels l\u2019utilisateur a acc\u00e9d\u00e9 au site www.gtcompany.fr, le fournisseur d\u2019acc\u00e8s de l\u2019utilisateur, l\u2019adresse de protocole Internet (IP) de l\u2019utilisateur.<\/p>\n<p>GT Company ne collecte des informations personnelles relatives \u00e0 l\u2019utilisateur que pour le besoin de certains services propos\u00e9s par le site www.gtcompany.fr. L\u2019utilisateur fournit ces informations en toute connaissance de cause, notamment lorsqu\u2019il proc\u00e8de par lui-m\u00eame \u00e0 leur saisie. Il est alors pr\u00e9cis\u00e9 \u00e0 l\u2019utilisateur du site www.gtcompany.fr l\u2019obligation ou non de fournir ces informations.<\/p>\n<p>Aucune information personnelle de l\u2019utilisateur du site www.gtcompany.fr n\u2019est publi\u00e9e \u00e0 l\u2019insu de l\u2019utilisateur, \u00e9chang\u00e9e, transf\u00e9r\u00e9e, c\u00e9d\u00e9e ou vendue sur un support quelconque \u00e0 des tiers.<\/p>\n<p>Les bases de donn\u00e9es sont prot\u00e9g\u00e9es par les dispositions de la loi du 1er juillet 1998 transposant la directive 96\/9 du 11 mars 1996 relative \u00e0 la protection juridique des bases de donn\u00e9es.<\/p>\n<p>Les informations recueillies dans le formulaire de contact sont enregistr\u00e9es dans un fichier informatis\u00e9 par Julien Lelarge (julien.lelarge@gtcompany.fr). La base l\u00e9gale du traitement est le consentement.<\/p>\n<p>Les donn\u00e9es marqu\u00e9es par un ast\u00e9risque dans le questionnaire doivent obligatoirement \u00eatre fournies. Dans le cas contraire, il se peut que GT Company n\u2019est pas toutes les informations pour vous apporter une r\u00e9ponse ou vous envoyer sa newsletter par email.<\/p>\n<p>Les donn\u00e9es collect\u00e9es seront communiqu\u00e9es au seul destinataire suivant : GT Company \u2013 Julien Lelarge<\/p>\n<p>Elles sont conserv\u00e9es pendant 5 ans.<\/p>\n<p>Vous pouvez acc\u00e9der aux donn\u00e9es vous concernant, les rectifier, demander leur effacement ou exercer votre droit \u00e0 la limitation du traitement de vos donn\u00e9es. Vous pouvez retirer \u00e0 tout moment votre consentement au traitement de vos donn\u00e9es ; Vous pouvez \u00e9galement vous opposer au traitement de vos donn\u00e9es ; Vous pouvez \u00e9galement exercer votre droit \u00e0 la portabilit\u00e9 de vos donn\u00e9es.<\/p>\n<p>Consultez le site cnil.fr pour plus d\u2019informations sur vos droits.<\/p>\n<p>Pour exercer ces droits ou pour toute question sur le traitement de vos donn\u00e9es dans ce dispositif, vous pouvez contacter Julien Lelarge : julien.lelarge@gtcompany.fr, GT Company 5 rue de la Galmy 77700 Chessy \u2013 France, +33 (0) 1 61 10 09 25<\/p>\n<p>Si vous estimez, apr\u00e8s nous avoir contact\u00e9s, que vos droits \u00ab Informatique et Libert\u00e9s \u00bb ne sont pas respect\u00e9s, vous pouvez adresser une r\u00e9clamation \u00e0 la CNIL.<\/p>\n<p><b>LIENS HYPERTEXTES ET COOKIES<\/b><\/p>\n<p>Le site www.gtcompany.fr contient un certain nombre de liens hypertextes vers d\u2019autres sites, mis en place avec l\u2019autorisation de GT Company.<\/p>\n<p>La navigation sur le site www.gtcompany.fr est susceptible de provoquer l\u2019installation de cookie(s) sur l\u2019ordinateur de l\u2019utilisateur. Un cookie est un fichier de petite taille, qui ne permet pas l\u2019identification de l\u2019utilisateur, mais qui enregistre des informations relatives \u00e0 la navigation d\u2019un ordinateur sur un site. Les donn\u00e9es ainsi obtenues visent \u00e0 faciliter la navigation ult\u00e9rieure sur le site, et ont \u00e9galement vocation \u00e0 permettre diverses mesures de fr\u00e9quentation.<\/p>\n<p>Le refus d\u2019installation d\u2019un cookie peut entra\u00eener l\u2019impossibilit\u00e9 d\u2019acc\u00e9der \u00e0 certains services. L\u2019utilisateur peut toutefois configurer son ordinateur de la mani\u00e8re suivante, pour refuser l\u2019installation des cookies :<\/p>\n<p>Sous Internet Explorer : onglet outil (pictogramme en forme de rouage en haut \u00e0 droite) \/ options internet. Cliquez sur Confidentialit\u00e9 et choisissez Bloquer tous les cookies. Validez sur Ok.<\/p>\n<p>Sous Firefox : en haut de la fen\u00eatre du navigateur, cliquez sur le bouton Firefox, puis aller dans l\u2019onglet Options. Cliquer sur l\u2019onglet Vie priv\u00e9e.<br \/>\nParam\u00e9trez les R\u00e8gles de conservation sur : utiliser les param\u00e8tres personnalis\u00e9s pour l\u2019historique. Enfin d\u00e9cochez-la pour d\u00e9sactiver les cookies.<\/p>\n<p>Sous Safari : Cliquez en haut \u00e0 droite du navigateur sur le pictogramme de menu (symbolis\u00e9 par un rouage). S\u00e9lectionnez Param\u00e8tres.<br \/>\nCliquez sur Afficher les param\u00e8tres avanc\u00e9s. Dans la section \u00ab Confidentialit\u00e9 \u00bb, cliquez sur Param\u00e8tres de contenu. Dans la section \u00ab Cookies \u00bb, vous pouvez bloquer les cookies.<\/p>\n<p>Sous Chrome : Cliquez en haut \u00e0 droite du navigateur sur le pictogramme de menu (symbolis\u00e9 par trois lignes horizontales). S\u00e9lectionnez Param\u00e8tres. Cliquez sur Afficher les param\u00e8tres avanc\u00e9s. Dans la section \u00ab Confidentialit\u00e9 \u00bb, cliquez sur pr\u00e9f\u00e9rences. Dans l\u2019onglet \u00ab Confidentialit\u00e9 \u00bb, vous pouvez bloquer les cookies.<\/p>\n<p><b>DROIT APPLICABLE ET ATTRIBUTION DE JURIDICTION.<\/b><\/p>\n<p>Tout litige en relation avec l\u2019utilisation du site www.gtcompany.fr est soumis au droit fran\u00e7ais. Il est fait attribution exclusive de juridiction aux tribunaux comp\u00e9tents de Meaux.<\/p>\n<p><b>REPRODUCTION DU CONTENU<\/b><\/p>\n<p>L\u2019int\u00e9gralit\u00e9\u0301 du contenu du site www.gtcompany.fr est prot\u00e9g\u00e9 au titre des lois sur la propri\u00e9t\u00e9\u0301 intellectuelle et artistique. Toute reproduction totale ou partielle du site est interdite.<\/p>\n<p><b>Tous droits r\u00e9serv\u00e9s (\u00a9 2022)<\/b>[\/vc_column_text][\/vc_column][\/vc_row]\n","protected":false},"excerpt":{"rendered":"<p>[vc_row type=&#8221;in_container&#8221; full_screen_row_position=&#8221;middle&#8221; column_margin=&#8221;default&#8221; column_direction=&#8221;default&#8221; column_direction_tablet=&#8221;default&#8221; column_direction_phone=&#8221;default&#8221; scene_position=&#8221;center&#8221; text_color=&#8221;dark&#8221; text_align=&#8221;left&#8221; row_border_radius=&#8221;none&#8221; row_border_radius_applies=&#8221;bg&#8221; overflow=&#8221;visible&#8221; overlay_strength=&#8221;0.3&#8243; gradient_direction=&#8221;left_to_right&#8221; shape_divider_position=&#8221;bottom&#8221; bg_image_animation=&#8221;none&#8221;][vc_column column_padding=&#8221;no-extra-padding&#8221; column_padding_tablet=&#8221;inherit&#8221; column_padding_phone=&#8221;inherit&#8221; column_padding_position=&#8221;all&#8221; column_element_spacing=&#8221;default&#8221; background_color_opacity=&#8221;1&#8243; background_hover_color_opacity=&#8221;1&#8243; column_shadow=&#8221;none&#8221; column_border_radius=&#8221;none&#8221; column_link_target=&#8221;_self&#8221; column_position=&#8221;default&#8221; gradient_direction=&#8221;left_to_right&#8221; overlay_strength=&#8221;0.3&#8243;&#8230;<\/p>\n","protected":false},"author":1,"featured_media":0,"parent":0,"menu_order":0,"comment_status":"closed","ping_status":"closed","template":"","meta":{"om_disable_all_campaigns":false,"footnotes":""},"class_list":["post-7162","page","type-page","status-publish"],"yoast_head":"<!-- This site is optimized with the Yoast SEO plugin v23.6 - https:\/\/yoast.com\/wordpress\/plugins\/seo\/ -->\n<title>Mentions L\u00e9gales - GT Company<\/title>\n<meta name=\"description\" content=\"Retrouvez toutes les informations sur la soci\u00e9t\u00e9 GT Company.\" \/>\n<meta name=\"robots\" content=\"noindex, follow\" \/>\n<meta property=\"og:locale\" content=\"en_US\" \/>\n<meta property=\"og:type\" content=\"article\" \/>\n<meta property=\"og:title\" content=\"Mentions L\u00e9gales - GT Company\" \/>\n<meta property=\"og:description\" content=\"Retrouvez toutes les informations sur la soci\u00e9t\u00e9 GT Company.\" \/>\n<meta property=\"og:url\" content=\"https:\/\/gtcompany.fr\/en\/mentions-legales\/\" \/>\n<meta property=\"og:site_name\" content=\"GT Company\" \/>\n<meta property=\"article:modified_time\" content=\"2024-12-13T11:13:06+00:00\" \/>\n<meta name=\"twitter:card\" content=\"summary_large_image\" \/>\n<meta name=\"twitter:label1\" content=\"Est. reading time\" \/>\n\t<meta name=\"twitter:data1\" content=\"6 minutes\" \/>\n<script type=\"application\/ld+json\" class=\"yoast-schema-graph\">{\"@context\":\"https:\/\/schema.org\",\"@graph\":[{\"@type\":\"WebPage\",\"@id\":\"https:\/\/gtcompany.fr\/en\/mentions-legales\/\",\"url\":\"https:\/\/gtcompany.fr\/en\/mentions-legales\/\",\"name\":\"Mentions L\u00e9gales - GT Company\",\"isPartOf\":{\"@id\":\"https:\/\/gtcompany.fr\/en\/#website\"},\"datePublished\":\"2024-01-18T10:47:50+00:00\",\"dateModified\":\"2024-12-13T11:13:06+00:00\",\"description\":\"Retrouvez toutes les informations sur la soci\u00e9t\u00e9 GT Company.\",\"breadcrumb\":{\"@id\":\"https:\/\/gtcompany.fr\/en\/mentions-legales\/#breadcrumb\"},\"inLanguage\":\"en-US\",\"potentialAction\":[{\"@type\":\"ReadAction\",\"target\":[\"https:\/\/gtcompany.fr\/en\/mentions-legales\/\"]}]},{\"@type\":\"BreadcrumbList\",\"@id\":\"https:\/\/gtcompany.fr\/en\/mentions-legales\/#breadcrumb\",\"itemListElement\":[{\"@type\":\"ListItem\",\"position\":1,\"name\":\"Accueil\",\"item\":\"https:\/\/gtcompany.fr\/en\/\"},{\"@type\":\"ListItem\",\"position\":2,\"name\":\"Mentions L\u00e9gales\"}]},{\"@type\":\"WebSite\",\"@id\":\"https:\/\/gtcompany.fr\/en\/#website\",\"url\":\"https:\/\/gtcompany.fr\/en\/\",\"name\":\"GT Company\",\"description\":\"Photography accessible to all\",\"potentialAction\":[{\"@type\":\"SearchAction\",\"target\":{\"@type\":\"EntryPoint\",\"urlTemplate\":\"https:\/\/gtcompany.fr\/en\/?s={search_term_string}\"},\"query-input\":{\"@type\":\"PropertyValueSpecification\",\"valueRequired\":true,\"valueName\":\"search_term_string\"}}],\"inLanguage\":\"en-US\"}]}<\/script>\n<!-- \/ Yoast SEO plugin. -->","yoast_head_json":{"title":"Mentions L\u00e9gales - GT Company","description":"Retrouvez toutes les informations sur la soci\u00e9t\u00e9 GT Company.","robots":{"index":"noindex","follow":"follow"},"og_locale":"en_US","og_type":"article","og_title":"Mentions L\u00e9gales - GT Company","og_description":"Retrouvez toutes les informations sur la soci\u00e9t\u00e9 GT Company.","og_url":"https:\/\/gtcompany.fr\/en\/mentions-legales\/","og_site_name":"GT Company","article_modified_time":"2024-12-13T11:13:06+00:00","twitter_card":"summary_large_image","twitter_misc":{"Est. reading time":"6 minutes"},"schema":{"@context":"https:\/\/schema.org","@graph":[{"@type":"WebPage","@id":"https:\/\/gtcompany.fr\/en\/mentions-legales\/","url":"https:\/\/gtcompany.fr\/en\/mentions-legales\/","name":"Mentions L\u00e9gales - GT Company","isPartOf":{"@id":"https:\/\/gtcompany.fr\/en\/#website"},"datePublished":"2024-01-18T10:47:50+00:00","dateModified":"2024-12-13T11:13:06+00:00","description":"Retrouvez toutes les informations sur la soci\u00e9t\u00e9 GT Company.","breadcrumb":{"@id":"https:\/\/gtcompany.fr\/en\/mentions-legales\/#breadcrumb"},"inLanguage":"en-US","potentialAction":[{"@type":"ReadAction","target":["https:\/\/gtcompany.fr\/en\/mentions-legales\/"]}]},{"@type":"BreadcrumbList","@id":"https:\/\/gtcompany.fr\/en\/mentions-legales\/#breadcrumb","itemListElement":[{"@type":"ListItem","position":1,"name":"Accueil","item":"https:\/\/gtcompany.fr\/en\/"},{"@type":"ListItem","position":2,"name":"Mentions L\u00e9gales"}]},{"@type":"WebSite","@id":"https:\/\/gtcompany.fr\/en\/#website","url":"https:\/\/gtcompany.fr\/en\/","name":"GT Company","description":"Photography accessible to all","potentialAction":[{"@type":"SearchAction","target":{"@type":"EntryPoint","urlTemplate":"https:\/\/gtcompany.fr\/en\/?s={search_term_string}"},"query-input":{"@type":"PropertyValueSpecification","valueRequired":true,"valueName":"search_term_string"}}],"inLanguage":"en-US"}]}},"_links":{"self":[{"href":"https:\/\/gtcompany.fr\/en\/wp-json\/wp\/v2\/pages\/7162","targetHints":{"allow":["GET"]}}],"collection":[{"href":"https:\/\/gtcompany.fr\/en\/wp-json\/wp\/v2\/pages"}],"about":[{"href":"https:\/\/gtcompany.fr\/en\/wp-json\/wp\/v2\/types\/page"}],"author":[{"embeddable":true,"href":"https:\/\/gtcompany.fr\/en\/wp-json\/wp\/v2\/users\/1"}],"replies":[{"embeddable":true,"href":"https:\/\/gtcompany.fr\/en\/wp-json\/wp\/v2\/comments?post=7162"}],"version-history":[{"count":8,"href":"https:\/\/gtcompany.fr\/en\/wp-json\/wp\/v2\/pages\/7162\/revisions"}],"predecessor-version":[{"id":7342,"href":"https:\/\/gtcompany.fr\/en\/wp-json\/wp\/v2\/pages\/7162\/revisions\/7342"}],"wp:attachment":[{"href":"https:\/\/gtcompany.fr\/en\/wp-json\/wp\/v2\/media?parent=7162"}],"curies":[{"name":"wp","href":"https:\/\/api.w.org\/{rel}","templated":true}]}}